{"id":9,"date":"2020-08-11T06:57:56","date_gmt":"2020-08-11T04:57:56","guid":{"rendered":"https:\/\/psy-trouble-borderline.fr\/?page_id=9"},"modified":"2023-10-11T13:23:51","modified_gmt":"2023-10-11T11:23:51","slug":"ma-formation","status":"publish","type":"page","link":"https:\/\/psy-trouble-borderline.fr\/index.php\/ma-formation\/","title":{"rendered":"Ma formation"},"content":{"rendered":"\n<h2 class=\"wp-block-heading has-text-align-center\">Rendez-vous sur mon nouveau site : <a href=\"http:\/\/psychologue-borderline.fr\">psychologue-borderline.fr<\/a><\/h2>\n\n\n\n<h2 class=\"wp-block-heading\">Formations<\/h2>\n\n\n\n<p class=\"has-dark-gray-color has-text-color\"><strong>Diplome Universitaire dans la prise en charge de la transidentit\u00e9 &#8211; <\/strong>Sorbonne M\u00e9decine Universit\u00e9, Paris. <br><strong>Formation MBCT (niveau 2) &#8211; la th\u00e9rapie cognitive bas\u00e9e sur la pleine conscience<\/strong>, Paris.<br><strong>Formation \u00e0 la th\u00e9rapie comportementale dialectique<\/strong> pour le <strong>trouble de Stress Post traumatique complexe (TCD), <\/strong>Paris (France) avec le <strong>Professeur Martin Bohus<\/strong>&nbsp;<strong>(Afrepsy)<\/strong><br><strong>Formation (Introduction) aux&nbsp; th\u00e9rapies bas\u00e9es sur la mentalisation (TBM), <\/strong>dans la prise en charge du <strong>trouble de la personnalit\u00e9 Borderline<\/strong>,&nbsp;Paris (France) avec le <strong>Professeur Martin Debban\u00e9<\/strong><br><strong>Formation \u00e0 l\u2019int\u00e9gration du cycle de la vie (ICV), <\/strong>Paris (France), <strong>Niveau 1<\/strong><br><strong>Formation \u00e0 la Th\u00e9rapie fond\u00e9e sur la compassion (TCF)<\/strong>, Londres et Caen, (Angleterre et France), <strong>Niveau 1 &amp; 2<\/strong><br><strong>Formation \u00e0 la Th\u00e9rapie d&rsquo;acceptation et d&rsquo;engagement (ACT) dans la gestion de crise<\/strong>, Montpellier<br><strong>Stage d\u2019observation compl\u00e9mentaire dans un groupe th\u00e9rapeutique : mise en application des comp\u00e9tences psychosociales chez des jeunes adultes<\/strong> (Londres \u2013 B&amp;Soul) <strong><mark style=\"background-color:rgba(0, 0, 0, 0)\" class=\"has-inline-color has-dark-red-color\">(France)<\/mark><\/strong><br><strong>Formation \u00e0 la psychopathologie et \u00e0 la d\u00e9marche diagnostique du trouble borderline (AFORPEL)<br>Formation au traitement du trouble borderline via la th\u00e9rapie des sch\u00e9mas de Young (AFORPEL)<\/strong><br><strong>Formation \u00e0 la pratique clinique de la r\u00e9gulation \u00e9motionnelle et au d\u00e9veloppement de comp\u00e9tences \u00e0 g\u00e9rer les crises \u00e9motionnelles chez les personnes borderlines en th\u00e9rapie comportementale dialectique<br>==&gt; anim\u00e9e par le Pr. Marsha Linehan (University College London)<br><em>\u00ab Updates in emotion regulation and crisis survival skills: integrating DBT skills into clinical practice \u00bb<\/em><\/strong><br><em> <strong>Formation au m\u00e9tier d\u2019actrice et de com\u00e9dienne (cours Florent, Paris)<br>Acting, travail corporel, conscientisation du ressenti, jeux de r\u00f4le, improvisation, mise en sc\u00e8ne<\/strong><\/em><\/p>\n\n\n\n<hr class=\"wp-block-separator has-alpha-channel-opacity is-style-wide\"\/>\n\n\n\n<h2 class=\"wp-block-heading\">Fonctions<\/h2>\n\n\n\n<p><strong>Pr\u00e9sidente<\/strong> de l&rsquo;AFTPB : <strong>Association fran\u00e7aise pour le trouble de la personnalit\u00e9 borderline<\/strong><\/p>\n\n\n\n<p><strong>Vice-pr\u00e9sidente<\/strong> (AFORPEL) : <strong>Association pour la formation et la promotion de l&rsquo;\u00e9tat limite<\/strong> (2018 \u00e0 2023)<\/p>\n\n\n\n<p>Mise en place de <strong>groupes de paroles<\/strong>  pour les proches de personnes atteintes d&rsquo;un TPB (co-anim\u00e9 avec Pierre Nantas)<\/p>\n\n\n\n<p><strong>Psychologue<\/strong> \u00e0 l&rsquo;<strong>H\u00f4pital Tarnier<\/strong> dans le <strong>service du Professeur Granger<\/strong> et d\u00e9ploiement de la <strong>Th\u00e9rapie Comportementale Dialectique<\/strong> dans le cadre d&rsquo;une prise en charge groupale en h\u00f4pital de jour<\/p>\n\n\n\n<hr class=\"wp-block-separator has-alpha-channel-opacity is-style-wide\"\/>\n\n\n\n<h2 class=\"wp-block-heading\">Titres<\/h2>\n\n\n\n<p><strong>Master 2 Psychologie Clinique de la Sant\u00e9<\/strong>, <strong>Universit\u00e9 de Bordeaux<\/strong> (2013-2014) Stage de validation en service d&rsquo;<strong>addictologie<\/strong>, Blaye (33) <\/p>\n\n\n\n<p><strong>Ma\u00eetrise de psychologie<\/strong>, Universit\u00e9 de Bordeaux  (2012-2013) Stage en <strong>psychiatrie<\/strong> <strong>adulte<\/strong> , Jonzac (17)<\/p>\n\n\n\n<p><strong>Licence de Psychologie<\/strong>, Universit\u00e9 de Tours (2011-2012)<\/p>\n\n\n\n<hr class=\"wp-block-separator has-alpha-channel-opacity is-style-wide\"\/>\n\n\n\n<h2 class=\"wp-block-heading\">Travaux scientifiques <\/h2>\n\n\n\n<p>Beaudoin, M &amp; Aguerre, C. (2018).  <em>Sp\u00e9cificit\u00e9s, vis\u00e9es et apports de la th\u00e9rapie comportementale dialectique (TCD) dans le cadre de la prise en charge du trouble de la personnalit\u00e9 Borderline (TPB)<\/em>,  <em>PSN<\/em>, volume 16 : <a href=\"https:\/\/www.cairn.info\/revue-psn-2018-2-page-25.htm\">https:\/\/www.cairn.info\/revue-psn-2018-2-page-25.htm<\/a><\/p>\n\n\n\n<p>A. Lebert-Charron, E. Boujut, M. Beaudoin, B. Quintard (2021). <em>Du stress au burnout scolaire : d\u00e9finitions, d\u00e9terminants pychosociaux, \u00e9valuation et pistes de pr\u00e9vention<\/em>, pratique psychologique, volume 27<\/p>\n\n\n\n<p class=\"has-text-align-left\">Aguerre, C.&amp; Beaudoin,M.(2013). <em>An integrative model of ulcerative bowel disease may help us to better target clinical interventions<\/em>. XXVII \u00e8me Conference de l&rsquo;European Health Psychology Society (E.H.P.S), Bordeaux, 2013<\/p>\n\n\n\n<hr class=\"wp-block-separator has-alpha-channel-opacity is-style-wide\"\/>\n\n\n\n<h2 class=\"wp-block-heading\">Ouvrages<\/h2>\n\n\n\n<p><\/p>\n\n\n\n<p><\/p>\n\n\n\n<div class=\"wp-block-columns is-layout-flex wp-container-4 wp-block-columns-is-layout-flex\">\n<div class=\"wp-block-column is-layout-flow wp-block-column-is-layout-flow\">\n<figure class=\"wp-block-image size-large\"><a href=\"https:\/\/www.fnac.com\/a17360302\/Manon-Beaudoin-Les-troubles-de-la-personnalite#omnsearchpos=1\"><img decoding=\"async\" loading=\"lazy\" width=\"707\" height=\"1024\" src=\"https:\/\/psy-trouble-borderline.fr\/wp-content\/uploads\/2023\/09\/les-troubles-de-la-personnalite-mieux-comprendre-les-troubles-de-la-personnalite2x-707x1024.jpg\" alt=\"\" class=\"wp-image-299\" srcset=\"https:\/\/psy-trouble-borderline.fr\/wp-content\/uploads\/2023\/09\/les-troubles-de-la-personnalite-mieux-comprendre-les-troubles-de-la-personnalite2x-707x1024.jpg 707w, https:\/\/psy-trouble-borderline.fr\/wp-content\/uploads\/2023\/09\/les-troubles-de-la-personnalite-mieux-comprendre-les-troubles-de-la-personnalite2x-207x300.jpg 207w, https:\/\/psy-trouble-borderline.fr\/wp-content\/uploads\/2023\/09\/les-troubles-de-la-personnalite-mieux-comprendre-les-troubles-de-la-personnalite2x-768x1112.jpg 768w, https:\/\/psy-trouble-borderline.fr\/wp-content\/uploads\/2023\/09\/les-troubles-de-la-personnalite-mieux-comprendre-les-troubles-de-la-personnalite2x.jpg 800w\" sizes=\"(max-width: 707px) 85vw, 707px\" \/><\/a><figcaption class=\"wp-element-caption\"><em><a href=\"https:\/\/www.fnac.com\/a17360302\/Manon-Beaudoin-Les-troubles-de-la-personnalite#omnsearchpos=1\" target=\"_blank\" rel=\"noreferrer noopener\">Les troubles de la personnalit\u00e9, apprendre \u00e0 mieux cohabiter<\/a> <\/em>&#8211; <strong>Anaelle Derval et Manon Beaudoin <\/strong>(\u00e9d. Ellipses \/ 2022)<\/figcaption><\/figure>\n<\/div>\n\n\n\n<div class=\"wp-block-column is-layout-flow wp-block-column-is-layout-flow\">\n<figure class=\"wp-block-image size-full\"><a href=\"https:\/\/www.fnac.com\/a15900067\/Manon-Beaudoin-Faire-face-au-trouble-de-la-personnalite-borderline\"><img decoding=\"async\" loading=\"lazy\" width=\"400\" height=\"582\" src=\"https:\/\/psy-trouble-borderline.fr\/wp-content\/uploads\/2023\/09\/Faire-face-au-trouble-de-la-personnalite-borderline.jpg\" alt=\"\" class=\"wp-image-295\" srcset=\"https:\/\/psy-trouble-borderline.fr\/wp-content\/uploads\/2023\/09\/Faire-face-au-trouble-de-la-personnalite-borderline.jpg 400w, https:\/\/psy-trouble-borderline.fr\/wp-content\/uploads\/2023\/09\/Faire-face-au-trouble-de-la-personnalite-borderline-206x300.jpg 206w\" sizes=\"(max-width: 400px) 85vw, 400px\" \/><\/a><figcaption class=\"wp-element-caption\"><em><a href=\"https:\/\/www.fnac.com\/a15900067\/Manon-Beaudoin-Faire-face-au-trouble-de-la-personnalite-borderline\" target=\"_blank\" rel=\"noreferrer noopener\">Faire face au trouble de la personnalit\u00e9 borderline<\/a> <\/em>&#8211; <strong>Manon Beaudoin et Pierre Nantas<\/strong> (\u00e9d. Ellipses \/ 2021)<\/figcaption><\/figure>\n<\/div>\n\n\n\n<div class=\"wp-block-column is-layout-flow wp-block-column-is-layout-flow\">\n<figure class=\"wp-block-image size-full\"><a href=\"https:\/\/www.fnac.com\/a15118309\/Manon-Beaudoin-Sur-le-fil\"><img decoding=\"async\" loading=\"lazy\" width=\"400\" height=\"543\" src=\"https:\/\/psy-trouble-borderline.fr\/wp-content\/uploads\/2023\/09\/Sur-le-fil.jpg\" alt=\"\" class=\"wp-image-375\" srcset=\"https:\/\/psy-trouble-borderline.fr\/wp-content\/uploads\/2023\/09\/Sur-le-fil.jpg 400w, https:\/\/psy-trouble-borderline.fr\/wp-content\/uploads\/2023\/09\/Sur-le-fil-221x300.jpg 221w\" sizes=\"(max-width: 400px) 85vw, 400px\" \/><\/a><figcaption class=\"wp-element-caption\"><a href=\"https:\/\/www.fnac.com\/a15118309\/Manon-Beaudoin-Sur-le-fil\" target=\"_blank\" rel=\"noreferrer noopener\"><em>Sur le Fil<\/em><\/a> &#8211; <strong>Christine Deroin et Manon Beaudoin<\/strong> (\u00e9d. Le Muscadier \/ 2021)<\/figcaption><\/figure>\n<\/div>\n<\/div>\n\n\n\n<hr class=\"wp-block-separator has-alpha-channel-opacity is-style-wide\"\/>\n\n\n\n<h2 class=\"wp-block-heading\">Distinctions<\/h2>\n\n\n\n<p class=\"has-text-align-left\"><strong>Prix d&rsquo;interpr\u00e9tation<\/strong>, mention sp\u00e9ciale, d\u00e9cern\u00e9 en 2007 par le jury du festival du film de Clermond Ferrand, pour le r\u00f4le principal dans<strong><em> Goliath<\/em><\/strong><\/p>\n\n\n\n<p><strong>Prix d&rsquo;interpr\u00e9tation<\/strong> europ\u00e9en d\u00e9cern\u00e9 en 2006 par le jury du film Suisse, pour le r\u00f4le principal dans<strong><em> Salegosse<\/em><\/strong><\/p>\n","protected":false},"excerpt":{"rendered":"<p>Rendez-vous sur mon nouveau site : psychologue-borderline.fr Formations Diplome Universitaire dans la prise en charge de la transidentit\u00e9 &#8211; Sorbonne M\u00e9decine Universit\u00e9, Paris. Formation MBCT (niveau 2) &#8211; la th\u00e9rapie cognitive bas\u00e9e sur la pleine conscience, Paris.Formation \u00e0 la th\u00e9rapie comportementale dialectique pour le trouble de Stress Post traumatique complexe (TCD), Paris (France) avec le &hellip; <a href=\"https:\/\/psy-trouble-borderline.fr\/index.php\/ma-formation\/\" class=\"more-link\">Continuer la lecture<span class=\"screen-reader-text\"> de &laquo;&nbsp;Ma formation&nbsp;&raquo;<\/span><\/a><\/p>\n","protected":false},"author":1,"featured_media":0,"parent":0,"menu_order":0,"comment_status":"closed","ping_status":"closed","template":"","meta":{"footnotes":""},"yoast_head":"<!-- This site is optimized with the Yoast SEO plugin v22.6 - https:\/\/yoast.com\/wordpress\/plugins\/seo\/ -->\n<title>Ma formation - Manon Beaudoin<\/title>\n<meta name=\"robots\" content=\"index, follow, max-snippet:-1, max-image-preview:large, max-video-preview:-1\" \/>\n<link rel=\"canonical\" href=\"https:\/\/psy-trouble-borderline.fr\/index.php\/ma-formation\/\" \/>\n<meta property=\"og:locale\" content=\"fr_FR\" \/>\n<meta property=\"og:type\" content=\"article\" \/>\n<meta property=\"og:title\" content=\"Ma formation - Manon Beaudoin\" \/>\n<meta property=\"og:description\" content=\"Rendez-vous sur mon nouveau site : psychologue-borderline.fr Formations Diplome Universitaire dans la prise en charge de la transidentit\u00e9 &#8211; Sorbonne M\u00e9decine Universit\u00e9, Paris. Formation MBCT (niveau 2) &#8211; la th\u00e9rapie cognitive bas\u00e9e sur la pleine conscience, Paris.Formation \u00e0 la th\u00e9rapie comportementale dialectique pour le trouble de Stress Post traumatique complexe (TCD), Paris (France) avec le &hellip; Continuer la lecture de &laquo;&nbsp;Ma formation&nbsp;&raquo;\" \/>\n<meta property=\"og:url\" content=\"https:\/\/psy-trouble-borderline.fr\/index.php\/ma-formation\/\" \/>\n<meta property=\"og:site_name\" content=\"Manon Beaudoin\" \/>\n<meta property=\"article:modified_time\" content=\"2023-10-11T11:23:51+00:00\" \/>\n<meta property=\"og:image\" content=\"https:\/\/psy-trouble-borderline.fr\/wp-content\/uploads\/2023\/09\/les-troubles-de-la-personnalite-mieux-comprendre-les-troubles-de-la-personnalite2x-707x1024.jpg\" \/>\n<meta name=\"twitter:card\" content=\"summary_large_image\" \/>\n<meta name=\"twitter:label1\" content=\"Dur\u00e9e de lecture estim\u00e9e\" \/>\n\t<meta name=\"twitter:data1\" content=\"4 minutes\" \/>\n<script type=\"application\/ld+json\" class=\"yoast-schema-graph\">{\"@context\":\"https:\/\/schema.org\",\"@graph\":[{\"@type\":\"WebPage\",\"@id\":\"https:\/\/psy-trouble-borderline.fr\/index.php\/ma-formation\/\",\"url\":\"https:\/\/psy-trouble-borderline.fr\/index.php\/ma-formation\/\",\"name\":\"Ma formation - Manon Beaudoin\",\"isPartOf\":{\"@id\":\"https:\/\/psy-trouble-borderline.fr\/#website\"},\"primaryImageOfPage\":{\"@id\":\"https:\/\/psy-trouble-borderline.fr\/index.php\/ma-formation\/#primaryimage\"},\"image\":{\"@id\":\"https:\/\/psy-trouble-borderline.fr\/index.php\/ma-formation\/#primaryimage\"},\"thumbnailUrl\":\"https:\/\/psy-trouble-borderline.fr\/wp-content\/uploads\/2023\/09\/les-troubles-de-la-personnalite-mieux-comprendre-les-troubles-de-la-personnalite2x-707x1024.jpg\",\"datePublished\":\"2020-08-11T04:57:56+00:00\",\"dateModified\":\"2023-10-11T11:23:51+00:00\",\"breadcrumb\":{\"@id\":\"https:\/\/psy-trouble-borderline.fr\/index.php\/ma-formation\/#breadcrumb\"},\"inLanguage\":\"fr-FR\",\"potentialAction\":[{\"@type\":\"ReadAction\",\"target\":[\"https:\/\/psy-trouble-borderline.fr\/index.php\/ma-formation\/\"]}]},{\"@type\":\"ImageObject\",\"inLanguage\":\"fr-FR\",\"@id\":\"https:\/\/psy-trouble-borderline.fr\/index.php\/ma-formation\/#primaryimage\",\"url\":\"https:\/\/psy-trouble-borderline.fr\/wp-content\/uploads\/2023\/09\/les-troubles-de-la-personnalite-mieux-comprendre-les-troubles-de-la-personnalite2x.jpg\",\"contentUrl\":\"https:\/\/psy-trouble-borderline.fr\/wp-content\/uploads\/2023\/09\/les-troubles-de-la-personnalite-mieux-comprendre-les-troubles-de-la-personnalite2x.jpg\",\"width\":800,\"height\":1158},{\"@type\":\"BreadcrumbList\",\"@id\":\"https:\/\/psy-trouble-borderline.fr\/index.php\/ma-formation\/#breadcrumb\",\"itemListElement\":[{\"@type\":\"ListItem\",\"position\":1,\"name\":\"Accueil\",\"item\":\"https:\/\/psy-trouble-borderline.fr\/\"},{\"@type\":\"ListItem\",\"position\":2,\"name\":\"Ma formation\"}]},{\"@type\":\"WebSite\",\"@id\":\"https:\/\/psy-trouble-borderline.fr\/#website\",\"url\":\"https:\/\/psy-trouble-borderline.fr\/\",\"name\":\"Manon Beaudoin\",\"description\":\"Psychologue sp\u00e9cialis\u00e9e dans la prise en charge du trouble de la personnalit\u00e9 Borderline\",\"potentialAction\":[{\"@type\":\"SearchAction\",\"target\":{\"@type\":\"EntryPoint\",\"urlTemplate\":\"https:\/\/psy-trouble-borderline.fr\/?s={search_term_string}\"},\"query-input\":\"required name=search_term_string\"}],\"inLanguage\":\"fr-FR\"}]}<\/script>\n<!-- \/ Yoast SEO plugin. -->","yoast_head_json":{"title":"Ma formation - Manon Beaudoin","robots":{"index":"index","follow":"follow","max-snippet":"max-snippet:-1","max-image-preview":"max-image-preview:large","max-video-preview":"max-video-preview:-1"},"canonical":"https:\/\/psy-trouble-borderline.fr\/index.php\/ma-formation\/","og_locale":"fr_FR","og_type":"article","og_title":"Ma formation - Manon Beaudoin","og_description":"Rendez-vous sur mon nouveau site : psychologue-borderline.fr Formations Diplome Universitaire dans la prise en charge de la transidentit\u00e9 &#8211; Sorbonne M\u00e9decine Universit\u00e9, Paris. Formation MBCT (niveau 2) &#8211; la th\u00e9rapie cognitive bas\u00e9e sur la pleine conscience, Paris.Formation \u00e0 la th\u00e9rapie comportementale dialectique pour le trouble de Stress Post traumatique complexe (TCD), Paris (France) avec le &hellip; Continuer la lecture de &laquo;&nbsp;Ma formation&nbsp;&raquo;","og_url":"https:\/\/psy-trouble-borderline.fr\/index.php\/ma-formation\/","og_site_name":"Manon Beaudoin","article_modified_time":"2023-10-11T11:23:51+00:00","og_image":[{"url":"https:\/\/psy-trouble-borderline.fr\/wp-content\/uploads\/2023\/09\/les-troubles-de-la-personnalite-mieux-comprendre-les-troubles-de-la-personnalite2x-707x1024.jpg"}],"twitter_card":"summary_large_image","twitter_misc":{"Dur\u00e9e de lecture estim\u00e9e":"4 minutes"},"schema":{"@context":"https:\/\/schema.org","@graph":[{"@type":"WebPage","@id":"https:\/\/psy-trouble-borderline.fr\/index.php\/ma-formation\/","url":"https:\/\/psy-trouble-borderline.fr\/index.php\/ma-formation\/","name":"Ma formation - Manon Beaudoin","isPartOf":{"@id":"https:\/\/psy-trouble-borderline.fr\/#website"},"primaryImageOfPage":{"@id":"https:\/\/psy-trouble-borderline.fr\/index.php\/ma-formation\/#primaryimage"},"image":{"@id":"https:\/\/psy-trouble-borderline.fr\/index.php\/ma-formation\/#primaryimage"},"thumbnailUrl":"https:\/\/psy-trouble-borderline.fr\/wp-content\/uploads\/2023\/09\/les-troubles-de-la-personnalite-mieux-comprendre-les-troubles-de-la-personnalite2x-707x1024.jpg","datePublished":"2020-08-11T04:57:56+00:00","dateModified":"2023-10-11T11:23:51+00:00","breadcrumb":{"@id":"https:\/\/psy-trouble-borderline.fr\/index.php\/ma-formation\/#breadcrumb"},"inLanguage":"fr-FR","potentialAction":[{"@type":"ReadAction","target":["https:\/\/psy-trouble-borderline.fr\/index.php\/ma-formation\/"]}]},{"@type":"ImageObject","inLanguage":"fr-FR","@id":"https:\/\/psy-trouble-borderline.fr\/index.php\/ma-formation\/#primaryimage","url":"https:\/\/psy-trouble-borderline.fr\/wp-content\/uploads\/2023\/09\/les-troubles-de-la-personnalite-mieux-comprendre-les-troubles-de-la-personnalite2x.jpg","contentUrl":"https:\/\/psy-trouble-borderline.fr\/wp-content\/uploads\/2023\/09\/les-troubles-de-la-personnalite-mieux-comprendre-les-troubles-de-la-personnalite2x.jpg","width":800,"height":1158},{"@type":"BreadcrumbList","@id":"https:\/\/psy-trouble-borderline.fr\/index.php\/ma-formation\/#breadcrumb","itemListElement":[{"@type":"ListItem","position":1,"name":"Accueil","item":"https:\/\/psy-trouble-borderline.fr\/"},{"@type":"ListItem","position":2,"name":"Ma formation"}]},{"@type":"WebSite","@id":"https:\/\/psy-trouble-borderline.fr\/#website","url":"https:\/\/psy-trouble-borderline.fr\/","name":"Manon Beaudoin","description":"Psychologue sp\u00e9cialis\u00e9e dans la prise en charge du trouble de la personnalit\u00e9 Borderline","potentialAction":[{"@type":"SearchAction","target":{"@type":"EntryPoint","urlTemplate":"https:\/\/psy-trouble-borderline.fr\/?s={search_term_string}"},"query-input":"required name=search_term_string"}],"inLanguage":"fr-FR"}]}},"_links":{"self":[{"href":"https:\/\/psy-trouble-borderline.fr\/index.php\/wp-json\/wp\/v2\/pages\/9"}],"collection":[{"href":"https:\/\/psy-trouble-borderline.fr\/index.php\/wp-json\/wp\/v2\/pages"}],"about":[{"href":"https:\/\/psy-trouble-borderline.fr\/index.php\/wp-json\/wp\/v2\/types\/page"}],"author":[{"embeddable":true,"href":"https:\/\/psy-trouble-borderline.fr\/index.php\/wp-json\/wp\/v2\/users\/1"}],"replies":[{"embeddable":true,"href":"https:\/\/psy-trouble-borderline.fr\/index.php\/wp-json\/wp\/v2\/comments?post=9"}],"version-history":[{"count":24,"href":"https:\/\/psy-trouble-borderline.fr\/index.php\/wp-json\/wp\/v2\/pages\/9\/revisions"}],"predecessor-version":[{"id":405,"href":"https:\/\/psy-trouble-borderline.fr\/index.php\/wp-json\/wp\/v2\/pages\/9\/revisions\/405"}],"wp:attachment":[{"href":"https:\/\/psy-trouble-borderline.fr\/index.php\/wp-json\/wp\/v2\/media?parent=9"}],"curies":[{"name":"wp","href":"https:\/\/api.w.org\/{rel}","templated":true}]}}