{"id":74,"date":"2020-08-12T04:41:36","date_gmt":"2020-08-12T02:41:36","guid":{"rendered":"https:\/\/psy-trouble-borderline.fr\/?page_id=74"},"modified":"2023-10-11T13:23:09","modified_gmt":"2023-10-11T11:23:09","slug":"accueil","status":"publish","type":"page","link":"https:\/\/psy-trouble-borderline.fr\/","title":{"rendered":"Accueil"},"content":{"rendered":"\n<h2 class=\"wp-block-heading has-text-align-center\">Rendez-vous sur mon nouveau site : <a href=\"http:\/\/psychologue-borderline.fr\">psychologue-borderline.fr<\/a><\/h2>\n\n\n\n<div class=\"wp-block-columns is-layout-flex wp-container-3 wp-block-columns-is-layout-flex\">\n<div class=\"wp-block-column is-layout-flow wp-block-column-is-layout-flow\" style=\"flex-basis:33.33%\"><div class=\"wp-block-image is-style-rounded\">\n<figure class=\"aligncenter size-large is-resized\"><img decoding=\"async\" loading=\"lazy\" src=\"https:\/\/psy-trouble-borderline.fr\/wp-content\/uploads\/2023\/09\/130307255_2760882634159302_6995322094192191758_n-1017x1024.jpg\" alt=\"\" class=\"wp-image-250\" style=\"width:287px;height:292px\" width=\"287\" height=\"292\"\/><\/figure><\/div><\/div>\n\n\n\n<div class=\"wp-block-column is-layout-flow wp-block-column-is-layout-flow\" style=\"flex-basis:66.66%\">\n<p><\/p>\n\n\n\n<p class=\"has-text-align-center has-dark-gray-color has-text-color\">.<strong>Manon Beaudoin <\/strong>est psychologue et vous accueille dans son cabinet situ\u00e9 dans le <strong>11\u00e8me arrondissement de Paris<\/strong>. Elle vous propose une prise en charge <strong>int\u00e9grative<\/strong> et <strong>adapt\u00e9e<\/strong> au trouble de la <strong>personnalit\u00e9 Borderline<\/strong> ou \u00e9tat limite. Elle pratique la <strong>Th\u00e9rapie Comportementale et Dialectique<\/strong> qui a montr\u00e9 toute son efficacit\u00e9 dans la stabilisation de ce trouble. <\/p>\n<\/div>\n<\/div>\n\n\n\n<p class=\"has-text-align-center has-dark-brown-color has-white-background-color has-text-color has-background\" style=\"font-size:16px\">Marsha Linehan, fondatrice de la Th\u00e9rapie Comportementale Dialectique, compare les personnes avec un trouble de la personnalit\u00e9 borderline \u00e0 <strong>l\u2019\u00e9quivalent de grands brul\u00e9s, sans \u00e9piderme \u00e9motionnel<\/strong> <em>(Cognitive- Behavioral treatment of Borderline Personality Disorder, 1993, M.Linehan)&nbsp;<\/em>:<\/p>\n\n\n\n<hr class=\"wp-block-separator has-alpha-channel-opacity is-style-wide\"\/>\n\n\n\n<p class=\"has-text-align-center has-dark-brown-color has-white-background-color has-text-color has-background\" style=\"font-size:16px\"><strong><em>\u00ab&nbsp;Ces difficult\u00e9s \u00e9motionnelles font de la personne \u00e9tat-limite l\u2019\u00e9quivalent psychologique d\u2019un patient br\u00fbl\u00e9 au troisi\u00e8me degr\u00e9. Elle n\u2019a tout simplement pas de \u00ab&nbsp;peau \u00e9motionnelle&nbsp;\u00bb. M\u00eame le plus petit contact ou mouvement est susceptible de provoquer une douleur intense. Or la vie, est un mouvement perp\u00e9tuel. Ne serait-ce que pour entreprendre une th\u00e9rapie, il faut un minimum de mouvement et de contact. Par cons\u00e9quent, le th\u00e9rapeute et le processus th\u00e9rapeutique en lui-m\u00eame ne manquent pas de produire des exp\u00e9riences \u00e9motionnelles extr\u00eamement douloureuses pour la patiente \u00e9tat limite. Le th\u00e9rapeute et la patiente doivent trouver le courage d\u2019affronter la douleur qui na\u00eet.&nbsp;\u00bb<\/em><\/strong><\/p>\n\n\n\n<hr class=\"wp-block-separator has-alpha-channel-opacity is-style-wide\"\/>\n\n\n\n<p class=\"has-text-align-center has-dark-gray-color has-white-background-color has-text-color has-background\">Aujourd\u2019hui, nous disposons de la TCD qui est pl\u00e9biscit\u00e9e par divers syst\u00e8mes de soins \u00e9trangers (am\u00e9ricains, anglais, etc.), y compris francophones (canadiens, suisses, etc.). Au regard de ses bienfaits, ses indications th\u00e9rapeutiques tendent m\u00eame \u00e0 s\u2019\u00e9largir.<\/p>\n\n\n\n<hr class=\"wp-block-separator has-alpha-channel-opacity is-style-wide\"\/>\n\n\n\n<p class=\"has-text-align-center has-white-background-color has-background\"><strong>Attention : je ne prends actuellement plus de nouveaux suivis &#8211; possibilit\u00e9 de prise en charge de groupe seulement. <\/strong><\/p>\n\n\n\n<hr class=\"wp-block-separator has-alpha-channel-opacity is-style-wide\"\/>\n\n\n\n<p class=\"has-text-align-center has-white-background-color has-background\">Vous pouvez me retrouver sur <strong>ma page Instagram<\/strong> o\u00f9 je propose un contenu en lien avec le Trouble de la personnalit\u00e9 borderline : <strong>@tpb_border_psy<\/strong><\/p>\n\n\n\n<ul class=\"wp-block-social-links aligncenter has-visible-labels is-layout-flex wp-block-social-links-is-layout-flex\"><li class=\"wp-social-link wp-social-link-instagram  wp-block-social-link\"><a rel=\" noopener nofollow\" target=\"_blank\" href=\"https:\/\/www.instagram.com\/tpb_border_psy\/\" class=\"wp-block-social-link-anchor\"><svg width=\"24\" height=\"24\" viewBox=\"0 0 24 24\" version=\"1.1\" xmlns=\"http:\/\/www.w3.org\/2000\/svg\" aria-hidden=\"true\" focusable=\"false\"><path d=\"M12,4.622c2.403,0,2.688,0.009,3.637,0.052c0.877,0.04,1.354,0.187,1.671,0.31c0.42,0.163,0.72,0.358,1.035,0.673 c0.315,0.315,0.51,0.615,0.673,1.035c0.123,0.317,0.27,0.794,0.31,1.671c0.043,0.949,0.052,1.234,0.052,3.637 s-0.009,2.688-0.052,3.637c-0.04,0.877-0.187,1.354-0.31,1.671c-0.163,0.42-0.358,0.72-0.673,1.035 c-0.315,0.315-0.615,0.51-1.035,0.673c-0.317,0.123-0.794,0.27-1.671,0.31c-0.949,0.043-1.233,0.052-3.637,0.052 s-2.688-0.009-3.637-0.052c-0.877-0.04-1.354-0.187-1.671-0.31c-0.42-0.163-0.72-0.358-1.035-0.673 c-0.315-0.315-0.51-0.615-0.673-1.035c-0.123-0.317-0.27-0.794-0.31-1.671C4.631,14.688,4.622,14.403,4.622,12 s0.009-2.688,0.052-3.637c0.04-0.877,0.187-1.354,0.31-1.671c0.163-0.42,0.358-0.72,0.673-1.035 c0.315-0.315,0.615-0.51,1.035-0.673c0.317-0.123,0.794-0.27,1.671-0.31C9.312,4.631,9.597,4.622,12,4.622 M12,3 C9.556,3,9.249,3.01,8.289,3.054C7.331,3.098,6.677,3.25,6.105,3.472C5.513,3.702,5.011,4.01,4.511,4.511 c-0.5,0.5-0.808,1.002-1.038,1.594C3.25,6.677,3.098,7.331,3.054,8.289C3.01,9.249,3,9.556,3,12c0,2.444,0.01,2.751,0.054,3.711 c0.044,0.958,0.196,1.612,0.418,2.185c0.23,0.592,0.538,1.094,1.038,1.594c0.5,0.5,1.002,0.808,1.594,1.038 c0.572,0.222,1.227,0.375,2.185,0.418C9.249,20.99,9.556,21,12,21s2.751-0.01,3.711-0.054c0.958-0.044,1.612-0.196,2.185-0.418 c0.592-0.23,1.094-0.538,1.594-1.038c0.5-0.5,0.808-1.002,1.038-1.594c0.222-0.572,0.375-1.227,0.418-2.185 C20.99,14.751,21,14.444,21,12s-0.01-2.751-0.054-3.711c-0.044-0.958-0.196-1.612-0.418-2.185c-0.23-0.592-0.538-1.094-1.038-1.594 c-0.5-0.5-1.002-0.808-1.594-1.038c-0.572-0.222-1.227-0.375-2.185-0.418C14.751,3.01,14.444,3,12,3L12,3z M12,7.378 c-2.552,0-4.622,2.069-4.622,4.622S9.448,16.622,12,16.622s4.622-2.069,4.622-4.622S14.552,7.378,12,7.378z M12,15 c-1.657,0-3-1.343-3-3s1.343-3,3-3s3,1.343,3,3S13.657,15,12,15z M16.804,6.116c-0.596,0-1.08,0.484-1.08,1.08 s0.484,1.08,1.08,1.08c0.596,0,1.08-0.484,1.08-1.08S17.401,6.116,16.804,6.116z\"><\/path><\/svg><span class=\"wp-block-social-link-label\">Instagram<\/span><\/a><\/li>\n\n<li class=\"wp-social-link wp-social-link-linkedin  wp-block-social-link\"><a rel=\" noopener nofollow\" target=\"_blank\" href=\"https:\/\/www.linkedin.com\/in\/manon-b-a6a829111\/\" class=\"wp-block-social-link-anchor\"><svg width=\"24\" height=\"24\" viewBox=\"0 0 24 24\" version=\"1.1\" xmlns=\"http:\/\/www.w3.org\/2000\/svg\" aria-hidden=\"true\" focusable=\"false\"><path d=\"M19.7,3H4.3C3.582,3,3,3.582,3,4.3v15.4C3,20.418,3.582,21,4.3,21h15.4c0.718,0,1.3-0.582,1.3-1.3V4.3 C21,3.582,20.418,3,19.7,3z M8.339,18.338H5.667v-8.59h2.672V18.338z M7.004,8.574c-0.857,0-1.549-0.694-1.549-1.548 c0-0.855,0.691-1.548,1.549-1.548c0.854,0,1.547,0.694,1.547,1.548C8.551,7.881,7.858,8.574,7.004,8.574z M18.339,18.338h-2.669 v-4.177c0-0.996-0.017-2.278-1.387-2.278c-1.389,0-1.601,1.086-1.601,2.206v4.249h-2.667v-8.59h2.559v1.174h0.037 c0.356-0.675,1.227-1.387,2.526-1.387c2.703,0,3.203,1.779,3.203,4.092V18.338z\"><\/path><\/svg><span class=\"wp-block-social-link-label\">LinkedIn<\/span><\/a><\/li><\/ul>\n\n\n\n<hr class=\"wp-block-separator has-alpha-channel-opacity is-style-wide\"\/>\n\n\n\n<h5 class=\"wp-block-heading has-text-align-center has-dark-gray-color has-white-background-color has-text-color has-background has-medium-font-size\"><strong>Nouveau : ouverture d\u2019un quatri\u00e8me groupe de psycho\u00e9ducation dans la prise en charge du trouble de la personnalit\u00e9 borderline<\/strong><\/h5>\n\n\n\n<p class=\"has-text-align-center has-dark-gray-color has-white-background-color has-text-color has-background\">      Pour plus de renseignements, cliquez ci-dessous (attention les places sont limit\u00e9es) :<\/p>\n\n\n\n<figure class=\"wp-block-embed aligncenter is-type-wp-embed is-provider-manon-beaudoin wp-block-embed-manon-beaudoin\"><div class=\"wp-block-embed__wrapper\">\n<blockquote class=\"wp-embedded-content\" data-secret=\"qOOmFy0jLL\"><a href=\"https:\/\/psy-trouble-borderline.fr\/index.php\/therapie-de-groupe\/\">Th\u00e9rapie de groupe<\/a><\/blockquote><iframe class=\"wp-embedded-content\" sandbox=\"allow-scripts\" security=\"restricted\" style=\"position: absolute; clip: rect(1px, 1px, 1px, 1px);\" title=\"\u00ab\u00a0Th\u00e9rapie de groupe\u00a0\u00bb &#8212; Manon Beaudoin\" src=\"https:\/\/psy-trouble-borderline.fr\/index.php\/therapie-de-groupe\/embed\/#?secret=IJwTB9IMJf#?secret=qOOmFy0jLL\" data-secret=\"qOOmFy0jLL\" width=\"600\" height=\"338\" frameborder=\"0\" marginwidth=\"0\" marginheight=\"0\" scrolling=\"no\"><\/iframe>\n<\/div><\/figure>\n","protected":false},"excerpt":{"rendered":"<p>Rendez-vous sur mon nouveau site : psychologue-borderline.fr .Manon Beaudoin est psychologue et vous accueille dans son cabinet situ\u00e9 dans le 11\u00e8me arrondissement de Paris. Elle vous propose une prise en charge int\u00e9grative et adapt\u00e9e au trouble de la personnalit\u00e9 Borderline ou \u00e9tat limite. Elle pratique la Th\u00e9rapie Comportementale et Dialectique qui a montr\u00e9 toute son &hellip; <a href=\"https:\/\/psy-trouble-borderline.fr\/\" class=\"more-link\">Continuer la lecture<span class=\"screen-reader-text\"> de &laquo;&nbsp;Accueil&nbsp;&raquo;<\/span><\/a><\/p>\n","protected":false},"author":1,"featured_media":0,"parent":0,"menu_order":0,"comment_status":"closed","ping_status":"closed","template":"","meta":{"footnotes":""},"yoast_head":"<!-- This site is optimized with the Yoast SEO plugin v22.6 - https:\/\/yoast.com\/wordpress\/plugins\/seo\/ -->\n<title>Accueil - Manon Beaudoin<\/title>\n<meta name=\"description\" content=\"Elle pratique la Th\u00e9rapie Comportementale et Dialectique qui a montr\u00e9 toute son efficacit\u00e9 dans la stabilisation de ce trouble\" \/>\n<meta name=\"robots\" content=\"index, follow, max-snippet:-1, max-image-preview:large, max-video-preview:-1\" \/>\n<link rel=\"canonical\" href=\"https:\/\/psy-trouble-borderline.fr\/\" \/>\n<meta property=\"og:locale\" content=\"fr_FR\" \/>\n<meta property=\"og:type\" content=\"article\" \/>\n<meta property=\"og:title\" content=\"Accueil - Manon Beaudoin\" \/>\n<meta property=\"og:description\" content=\"Elle pratique la Th\u00e9rapie Comportementale et Dialectique qui a montr\u00e9 toute son efficacit\u00e9 dans la stabilisation de ce trouble\" \/>\n<meta property=\"og:url\" content=\"https:\/\/psy-trouble-borderline.fr\/\" \/>\n<meta property=\"og:site_name\" content=\"Manon Beaudoin\" \/>\n<meta property=\"article:modified_time\" content=\"2023-10-11T11:23:09+00:00\" \/>\n<meta property=\"og:image\" content=\"https:\/\/psy-trouble-borderline.fr\/wp-content\/uploads\/2023\/09\/130307255_2760882634159302_6995322094192191758_n-1017x1024.jpg\" \/>\n<meta name=\"twitter:card\" content=\"summary_large_image\" \/>\n<meta name=\"twitter:label1\" content=\"Dur\u00e9e de lecture estim\u00e9e\" \/>\n\t<meta name=\"twitter:data1\" content=\"2 minutes\" \/>\n<script type=\"application\/ld+json\" class=\"yoast-schema-graph\">{\"@context\":\"https:\/\/schema.org\",\"@graph\":[{\"@type\":\"WebPage\",\"@id\":\"https:\/\/psy-trouble-borderline.fr\/\",\"url\":\"https:\/\/psy-trouble-borderline.fr\/\",\"name\":\"Accueil - Manon Beaudoin\",\"isPartOf\":{\"@id\":\"https:\/\/psy-trouble-borderline.fr\/#website\"},\"primaryImageOfPage\":{\"@id\":\"https:\/\/psy-trouble-borderline.fr\/#primaryimage\"},\"image\":{\"@id\":\"https:\/\/psy-trouble-borderline.fr\/#primaryimage\"},\"thumbnailUrl\":\"https:\/\/psy-trouble-borderline.fr\/wp-content\/uploads\/2023\/09\/130307255_2760882634159302_6995322094192191758_n-1017x1024.jpg\",\"datePublished\":\"2020-08-12T02:41:36+00:00\",\"dateModified\":\"2023-10-11T11:23:09+00:00\",\"description\":\"Elle pratique la Th\u00e9rapie Comportementale et Dialectique qui a montr\u00e9 toute son efficacit\u00e9 dans la stabilisation de ce trouble\",\"breadcrumb\":{\"@id\":\"https:\/\/psy-trouble-borderline.fr\/#breadcrumb\"},\"inLanguage\":\"fr-FR\",\"potentialAction\":[{\"@type\":\"ReadAction\",\"target\":[\"https:\/\/psy-trouble-borderline.fr\/\"]}]},{\"@type\":\"ImageObject\",\"inLanguage\":\"fr-FR\",\"@id\":\"https:\/\/psy-trouble-borderline.fr\/#primaryimage\",\"url\":\"https:\/\/psy-trouble-borderline.fr\/wp-content\/uploads\/2023\/09\/130307255_2760882634159302_6995322094192191758_n.jpg\",\"contentUrl\":\"https:\/\/psy-trouble-borderline.fr\/wp-content\/uploads\/2023\/09\/130307255_2760882634159302_6995322094192191758_n.jpg\",\"width\":1744,\"height\":1756},{\"@type\":\"BreadcrumbList\",\"@id\":\"https:\/\/psy-trouble-borderline.fr\/#breadcrumb\",\"itemListElement\":[{\"@type\":\"ListItem\",\"position\":1,\"name\":\"Accueil\",\"item\":\"https:\/\/psy-trouble-borderline.fr\/\"},{\"@type\":\"ListItem\",\"position\":2,\"name\":\"Accueil\"}]},{\"@type\":\"WebSite\",\"@id\":\"https:\/\/psy-trouble-borderline.fr\/#website\",\"url\":\"https:\/\/psy-trouble-borderline.fr\/\",\"name\":\"Manon Beaudoin\",\"description\":\"Psychologue sp\u00e9cialis\u00e9e dans la prise en charge du trouble de la personnalit\u00e9 Borderline\",\"potentialAction\":[{\"@type\":\"SearchAction\",\"target\":{\"@type\":\"EntryPoint\",\"urlTemplate\":\"https:\/\/psy-trouble-borderline.fr\/?s={search_term_string}\"},\"query-input\":\"required name=search_term_string\"}],\"inLanguage\":\"fr-FR\"}]}<\/script>\n<!-- \/ Yoast SEO plugin. -->","yoast_head_json":{"title":"Accueil - Manon Beaudoin","description":"Elle pratique la Th\u00e9rapie Comportementale et Dialectique qui a montr\u00e9 toute son efficacit\u00e9 dans la stabilisation de ce trouble","robots":{"index":"index","follow":"follow","max-snippet":"max-snippet:-1","max-image-preview":"max-image-preview:large","max-video-preview":"max-video-preview:-1"},"canonical":"https:\/\/psy-trouble-borderline.fr\/","og_locale":"fr_FR","og_type":"article","og_title":"Accueil - Manon Beaudoin","og_description":"Elle pratique la Th\u00e9rapie Comportementale et Dialectique qui a montr\u00e9 toute son efficacit\u00e9 dans la stabilisation de ce trouble","og_url":"https:\/\/psy-trouble-borderline.fr\/","og_site_name":"Manon Beaudoin","article_modified_time":"2023-10-11T11:23:09+00:00","og_image":[{"url":"https:\/\/psy-trouble-borderline.fr\/wp-content\/uploads\/2023\/09\/130307255_2760882634159302_6995322094192191758_n-1017x1024.jpg"}],"twitter_card":"summary_large_image","twitter_misc":{"Dur\u00e9e de lecture estim\u00e9e":"2 minutes"},"schema":{"@context":"https:\/\/schema.org","@graph":[{"@type":"WebPage","@id":"https:\/\/psy-trouble-borderline.fr\/","url":"https:\/\/psy-trouble-borderline.fr\/","name":"Accueil - Manon Beaudoin","isPartOf":{"@id":"https:\/\/psy-trouble-borderline.fr\/#website"},"primaryImageOfPage":{"@id":"https:\/\/psy-trouble-borderline.fr\/#primaryimage"},"image":{"@id":"https:\/\/psy-trouble-borderline.fr\/#primaryimage"},"thumbnailUrl":"https:\/\/psy-trouble-borderline.fr\/wp-content\/uploads\/2023\/09\/130307255_2760882634159302_6995322094192191758_n-1017x1024.jpg","datePublished":"2020-08-12T02:41:36+00:00","dateModified":"2023-10-11T11:23:09+00:00","description":"Elle pratique la Th\u00e9rapie Comportementale et Dialectique qui a montr\u00e9 toute son efficacit\u00e9 dans la stabilisation de ce trouble","breadcrumb":{"@id":"https:\/\/psy-trouble-borderline.fr\/#breadcrumb"},"inLanguage":"fr-FR","potentialAction":[{"@type":"ReadAction","target":["https:\/\/psy-trouble-borderline.fr\/"]}]},{"@type":"ImageObject","inLanguage":"fr-FR","@id":"https:\/\/psy-trouble-borderline.fr\/#primaryimage","url":"https:\/\/psy-trouble-borderline.fr\/wp-content\/uploads\/2023\/09\/130307255_2760882634159302_6995322094192191758_n.jpg","contentUrl":"https:\/\/psy-trouble-borderline.fr\/wp-content\/uploads\/2023\/09\/130307255_2760882634159302_6995322094192191758_n.jpg","width":1744,"height":1756},{"@type":"BreadcrumbList","@id":"https:\/\/psy-trouble-borderline.fr\/#breadcrumb","itemListElement":[{"@type":"ListItem","position":1,"name":"Accueil","item":"https:\/\/psy-trouble-borderline.fr\/"},{"@type":"ListItem","position":2,"name":"Accueil"}]},{"@type":"WebSite","@id":"https:\/\/psy-trouble-borderline.fr\/#website","url":"https:\/\/psy-trouble-borderline.fr\/","name":"Manon Beaudoin","description":"Psychologue sp\u00e9cialis\u00e9e dans la prise en charge du trouble de la personnalit\u00e9 Borderline","potentialAction":[{"@type":"SearchAction","target":{"@type":"EntryPoint","urlTemplate":"https:\/\/psy-trouble-borderline.fr\/?s={search_term_string}"},"query-input":"required name=search_term_string"}],"inLanguage":"fr-FR"}]}},"_links":{"self":[{"href":"https:\/\/psy-trouble-borderline.fr\/index.php\/wp-json\/wp\/v2\/pages\/74"}],"collection":[{"href":"https:\/\/psy-trouble-borderline.fr\/index.php\/wp-json\/wp\/v2\/pages"}],"about":[{"href":"https:\/\/psy-trouble-borderline.fr\/index.php\/wp-json\/wp\/v2\/types\/page"}],"author":[{"embeddable":true,"href":"https:\/\/psy-trouble-borderline.fr\/index.php\/wp-json\/wp\/v2\/users\/1"}],"replies":[{"embeddable":true,"href":"https:\/\/psy-trouble-borderline.fr\/index.php\/wp-json\/wp\/v2\/comments?post=74"}],"version-history":[{"count":57,"href":"https:\/\/psy-trouble-borderline.fr\/index.php\/wp-json\/wp\/v2\/pages\/74\/revisions"}],"predecessor-version":[{"id":403,"href":"https:\/\/psy-trouble-borderline.fr\/index.php\/wp-json\/wp\/v2\/pages\/74\/revisions\/403"}],"wp:attachment":[{"href":"https:\/\/psy-trouble-borderline.fr\/index.php\/wp-json\/wp\/v2\/media?parent=74"}],"curies":[{"name":"wp","href":"https:\/\/api.w.org\/{rel}","templated":true}]}}